{"id":102,"date":"2018-03-12T01:18:48","date_gmt":"2018-03-12T00:18:48","guid":{"rendered":"http:\/\/cliniqueduvieuxpont.fr\/?page_id=102"},"modified":"2024-10-23T15:26:29","modified_gmt":"2024-10-23T13:26:29","slug":"laboratoire-danalyses","status":"publish","type":"page","link":"https:\/\/cliniqueduvieuxpont.fr\/index.php\/laboratoire-danalyses\/","title":{"rendered":"Laboratoire d&rsquo;analyses"},"content":{"rendered":"<p>Le <strong>laboratoire<\/strong> d&rsquo;analyse permet d&rsquo;<strong>effectuer sur place\u00a0<\/strong>une grande partie des analyses sanguines n\u00e9cessaires en m\u00e9decine interne<\/p>\n<ul>\n<li>Num\u00e9ration sanguine (comptage des globules rouges, globules blancs, plaquettes etc&#8230;)<\/li>\n<li>Biochimie (permet de contr\u00f4ler le fonctionnement de certains organes comme les reins, le foie etc&#8230;)<\/li>\n<li>Endocrinologie (Progesterone, T4, TSH, Cortisol)<\/li>\n<li>Tests rapides de d\u00e9tections de certaines maladies (FIV, FeLV, Leishmaniose, Dirofilariose etc&#8230;)<\/li>\n<li>Cytologies (cf. infra)<\/li>\n<\/ul>\n<p>Si l&rsquo;analyse ne peut \u00eatre r\u00e9alis\u00e9e sur place, les \u00e9chantillons (sang, urine, \u00e9couvillons bact\u00e9riologiques, bile, liquide synovial &#8230;) peuvent \u00eatre envoy\u00e9s par coursier ou par Chronopost dans un<strong> laboratoire ext\u00e9rieur<\/strong> (par exemple lors de recherche biochimique sp\u00e9cifique d&rsquo;endocrinologie, s\u00e9rologies, d&rsquo;analyse bact\u00e9riologiques, de recherche d&rsquo;agents pathog\u00e8nes par PCR, de recherches g\u00e9n\u00e9tiques etc&#8230;)<\/p>\n<p><img loading=\"lazy\" src=\"http:\/\/cliniqueduvieuxpont.fr\/wp-content\/uploads\/2024\/10\/IMG_1196-300x225.jpg\" alt=\"\" class=\"alignnone wp-image-12377 \" height=\"239\" width=\"319\" srcset=\"https:\/\/cliniqueduvieuxpont.fr\/wp-content\/uploads\/2024\/10\/IMG_1196-300x225.jpg 300w, https:\/\/cliniqueduvieuxpont.fr\/wp-content\/uploads\/2024\/10\/IMG_1196-1024x768.jpg 1024w, https:\/\/cliniqueduvieuxpont.fr\/wp-content\/uploads\/2024\/10\/IMG_1196-768x576.jpg 768w, https:\/\/cliniqueduvieuxpont.fr\/wp-content\/uploads\/2024\/10\/IMG_1196-1536x1152.jpg 1536w, https:\/\/cliniqueduvieuxpont.fr\/wp-content\/uploads\/2024\/10\/IMG_1196-2048x1536.jpg 2048w\" sizes=\"(max-width: 319px) 100vw, 319px\" \/><\/p>\n<p>Certaines analyses au <strong>microscope<\/strong>\u00a0<strong>(cytologie et h\u00e9matologie)<\/strong> sont \u00e9galement r\u00e9alis\u00e9es sur place. Il s&rsquo;agit souvent d&rsquo;un moment cl\u00e9 du diagnostic (frottis sanguin, \u00e9talement de ponction &#8211; \u00a0\u00ab\u00a0\u00e9cho-guid\u00e9e\u00a0\u00bb ou non). Si la lecture d&rsquo;une cytologie est trop complexe, celle-ci pourra \u00eatre transf\u00e9r\u00e9e dans une laboratoire sp\u00e9cialis\u00e9 dirig\u00e9 par le Pr Fleury-Fournel sur Lyon.<\/p>\n<div id=\"attachment_128\" style=\"width: 310px\" class=\"wp-caption aligncenter\"><a href=\"http:\/\/cliniqueduvieuxpont.fr\/image-113\/\"><img aria-describedby=\"caption-attachment-128\" loading=\"lazy\" src=\"http:\/\/cliniqueduvieuxpont.fr\/wp-content\/uploads\/2018\/03\/Image-113-300x291.jpeg\" alt=\"\" class=\"wp-image-128 size-medium\" height=\"291\" width=\"300\" srcset=\"https:\/\/cliniqueduvieuxpont.fr\/wp-content\/uploads\/2018\/03\/Image-113-300x291.jpeg 300w, https:\/\/cliniqueduvieuxpont.fr\/wp-content\/uploads\/2018\/03\/Image-113-768x744.jpeg 768w, https:\/\/cliniqueduvieuxpont.fr\/wp-content\/uploads\/2018\/03\/Image-113-1024x992.jpeg 1024w, https:\/\/cliniqueduvieuxpont.fr\/wp-content\/uploads\/2018\/03\/Image-113.jpeg 1194w\" sizes=\"(max-width: 300px) 100vw, 300px\" \/><\/a><p id=\"caption-attachment-128\" class=\"wp-caption-text\">Piroplasmes dans un globule rouge<\/p><\/div>\n<div id=\"attachment_142\" style=\"width: 310px\" class=\"wp-caption aligncenter\"><a href=\"http:\/\/cliniqueduvieuxpont.fr\/wp-content\/uploads\/2018\/03\/invasion-ggl-meta.jpeg\"><img aria-describedby=\"caption-attachment-142\" loading=\"lazy\" src=\"http:\/\/cliniqueduvieuxpont.fr\/wp-content\/uploads\/2018\/03\/invasion-ggl-meta-300x225.jpeg\" alt=\"\" class=\"wp-image-142 size-medium\" height=\"225\" width=\"300\" srcset=\"https:\/\/cliniqueduvieuxpont.fr\/wp-content\/uploads\/2018\/03\/invasion-ggl-meta-300x225.jpeg 300w, https:\/\/cliniqueduvieuxpont.fr\/wp-content\/uploads\/2018\/03\/invasion-ggl-meta-768x576.jpeg 768w, https:\/\/cliniqueduvieuxpont.fr\/wp-content\/uploads\/2018\/03\/invasion-ggl-meta-1024x768.jpeg 1024w, https:\/\/cliniqueduvieuxpont.fr\/wp-content\/uploads\/2018\/03\/invasion-ggl-meta.jpeg 2048w\" sizes=\"(max-width: 300px) 100vw, 300px\" \/><\/a><p id=\"caption-attachment-142\" class=\"wp-caption-text\">Cytologie d&rsquo;un ganglion envahi par une tumeur<\/p><\/div>\n<div id=\"attachment_130\" style=\"width: 310px\" class=\"wp-caption aligncenter\"><img aria-describedby=\"caption-attachment-130\" loading=\"lazy\" src=\"http:\/\/cliniqueduvieuxpont.fr\/wp-content\/uploads\/2018\/03\/Image-108-300x285.jpeg\" alt=\"\" class=\"wp-image-130 size-medium\" height=\"285\" width=\"300\" srcset=\"https:\/\/cliniqueduvieuxpont.fr\/wp-content\/uploads\/2018\/03\/Image-108-300x285.jpeg 300w, https:\/\/cliniqueduvieuxpont.fr\/wp-content\/uploads\/2018\/03\/Image-108-768x728.jpeg 768w, https:\/\/cliniqueduvieuxpont.fr\/wp-content\/uploads\/2018\/03\/Image-108-1024x971.jpeg 1024w, https:\/\/cliniqueduvieuxpont.fr\/wp-content\/uploads\/2018\/03\/Image-108.jpeg 1341w\" sizes=\"(max-width: 300px) 100vw, 300px\" \/><p id=\"caption-attachment-130\" class=\"wp-caption-text\">Infection urinaire<\/p><\/div>\n<div id=\"attachment_141\" style=\"width: 310px\" class=\"wp-caption aligncenter\"><img aria-describedby=\"caption-attachment-141\" loading=\"lazy\" src=\"http:\/\/cliniqueduvieuxpont.fr\/wp-content\/uploads\/2018\/03\/LLC-300x225.jpeg\" alt=\"\" class=\"wp-image-141 size-medium\" height=\"225\" width=\"300\" srcset=\"https:\/\/cliniqueduvieuxpont.fr\/wp-content\/uploads\/2018\/03\/LLC-300x225.jpeg 300w, https:\/\/cliniqueduvieuxpont.fr\/wp-content\/uploads\/2018\/03\/LLC-768x576.jpeg 768w, https:\/\/cliniqueduvieuxpont.fr\/wp-content\/uploads\/2018\/03\/LLC-1024x768.jpeg 1024w, https:\/\/cliniqueduvieuxpont.fr\/wp-content\/uploads\/2018\/03\/LLC.jpeg 2048w\" sizes=\"(max-width: 300px) 100vw, 300px\" \/><p id=\"caption-attachment-141\" class=\"wp-caption-text\">Leuc\u00e9mie lympho\u00efde chronique<\/p><\/div>\n<div id=\"attachment_139\" style=\"width: 310px\" class=\"wp-caption aligncenter\"><img aria-describedby=\"caption-attachment-139\" loading=\"lazy\" src=\"http:\/\/cliniqueduvieuxpont.fr\/wp-content\/uploads\/2018\/03\/peau-lymphome-300x225.jpeg\" alt=\"\" class=\"wp-image-139 size-medium\" height=\"225\" width=\"300\" srcset=\"https:\/\/cliniqueduvieuxpont.fr\/wp-content\/uploads\/2018\/03\/peau-lymphome-300x225.jpeg 300w, https:\/\/cliniqueduvieuxpont.fr\/wp-content\/uploads\/2018\/03\/peau-lymphome-768x576.jpeg 768w, https:\/\/cliniqueduvieuxpont.fr\/wp-content\/uploads\/2018\/03\/peau-lymphome-1024x768.jpeg 1024w, https:\/\/cliniqueduvieuxpont.fr\/wp-content\/uploads\/2018\/03\/peau-lymphome.jpeg 2048w\" sizes=\"(max-width: 300px) 100vw, 300px\" \/><p id=\"caption-attachment-139\" class=\"wp-caption-text\">Lymphome cutan\u00e9<\/p><\/div>\n","protected":false},"excerpt":{"rendered":"<p>Le laboratoire d&rsquo;analyse permet d&rsquo;effectuer sur place\u00a0une grande partie des analyses sanguines n\u00e9cessaires en m\u00e9decine interne Num\u00e9ration sanguine (comptage des globules rouges, globules blancs, plaquettes etc&#8230;) Biochimie (permet de contr\u00f4ler le fonctionnement de certains organes comme les reins, le foie etc&#8230;) Endocrinologie (Progesterone, T4, TSH, Cortisol) Tests rapides de d\u00e9tections [&hellip;]<\/p>\n","protected":false},"author":1,"featured_media":0,"parent":0,"menu_order":0,"comment_status":"closed","ping_status":"closed","template":"","meta":[],"_links":{"self":[{"href":"https:\/\/cliniqueduvieuxpont.fr\/index.php\/wp-json\/wp\/v2\/pages\/102"}],"collection":[{"href":"https:\/\/cliniqueduvieuxpont.fr\/index.php\/wp-json\/wp\/v2\/pages"}],"about":[{"href":"https:\/\/cliniqueduvieuxpont.fr\/index.php\/wp-json\/wp\/v2\/types\/page"}],"author":[{"embeddable":true,"href":"https:\/\/cliniqueduvieuxpont.fr\/index.php\/wp-json\/wp\/v2\/users\/1"}],"replies":[{"embeddable":true,"href":"https:\/\/cliniqueduvieuxpont.fr\/index.php\/wp-json\/wp\/v2\/comments?post=102"}],"version-history":[{"count":5,"href":"https:\/\/cliniqueduvieuxpont.fr\/index.php\/wp-json\/wp\/v2\/pages\/102\/revisions"}],"predecessor-version":[{"id":12378,"href":"https:\/\/cliniqueduvieuxpont.fr\/index.php\/wp-json\/wp\/v2\/pages\/102\/revisions\/12378"}],"wp:attachment":[{"href":"https:\/\/cliniqueduvieuxpont.fr\/index.php\/wp-json\/wp\/v2\/media?parent=102"}],"curies":[{"name":"wp","href":"https:\/\/api.w.org\/{rel}","templated":true}]}}