{"id":104,"date":"2018-03-12T01:18:48","date_gmt":"2018-03-12T00:18:48","guid":{"rendered":"http:\/\/cliniqueduvieuxpont.fr\/?page_id=104"},"modified":"2024-10-23T12:18:44","modified_gmt":"2024-10-23T10:18:44","slug":"nutrition","status":"publish","type":"page","link":"https:\/\/cliniqueduvieuxpont.fr\/index.php\/nutrition\/","title":{"rendered":"Nutrition"},"content":{"rendered":"<p>Une <strong>alimentation \u00e9quilibr\u00e9e<\/strong>, constitu\u00e9e d&rsquo;ingr\u00e9dients de bonne qualit\u00e9 et hautement digestibles est <strong>la base d&rsquo;une bonne sant\u00e9<\/strong>. Une alimentation d\u00e9s\u00e9quilibr\u00e9e, comme chez l&rsquo;humain, est \u00e0 l&rsquo;origine de nombreuses pathologies : surpoids, troubles urinaires et r\u00e9naux, troubles cutan\u00e9s, troubles digestifs etc&#8230;<\/p>\n<p><img loading=\"lazy\" src=\"http:\/\/cliniqueduvieuxpont.fr\/wp-content\/uploads\/2018\/03\/croquettes-300x294.jpeg\" alt=\"\" width=\"300\" height=\"294\" class=\"aligncenter wp-image-176 size-medium\" srcset=\"https:\/\/cliniqueduvieuxpont.fr\/wp-content\/uploads\/2018\/03\/croquettes-300x294.jpeg 300w, https:\/\/cliniqueduvieuxpont.fr\/wp-content\/uploads\/2018\/03\/croquettes-768x753.jpeg 768w, https:\/\/cliniqueduvieuxpont.fr\/wp-content\/uploads\/2018\/03\/croquettes.jpeg 896w\" sizes=\"(max-width: 300px) 100vw, 300px\" \/><\/p>\n<p>Le <strong>plateau de pes\u00e9e est accessible \u00e0 tous dans la salle d&rsquo;attente<\/strong>. Connaitre le poids de son chien ou de son chat est une \u00e9tape importante pour \u00e9tablir un bon programme alimentaire.<\/p>\n<p>Les v\u00e9t\u00e9rinaires et leurs assistantes sont \u00e0 votre service pour toute question concernant l&rsquo;alimentation de votre animal : quel type d&rsquo;alimentation choisir (aliments pr\u00eats \u00e0 l&#8217;emploi ou alimentation m\u00e9nag\u00e8re i.e. faite \u00e0 la maison \u00e0 partir d&rsquo;ingr\u00e9dients frais), quelles doses, quelle fr\u00e9quence&#8230; Le plateau de pes\u00e9e est accessible \u00e0 tous dans la salle d&rsquo;attente<\/p>\n<p>Nous proposons \u00e0 la vente diff\u00e9rents aliments secs, humides, pour animaux en bonne sant\u00e9 ou pour ceux pr\u00e9sentant des pathologies (troubles urinaires, surpoids, arthrose etc&#8230;). Il est impossible d&rsquo;avoir en stock l&rsquo;ensemble des r\u00e9f\u00e9rences, si nous ne poss\u00e9dons pas l&rsquo;aliment que vous recherchez nous pouvons le commander sp\u00e9cialement pour vous.<\/p>\n<p><strong>Il est \u00e9galement possible de commander directement en ligne sur le site <a href=\"https:\/\/www.myvetshop.fr\/\">www.myvetshop.com<\/a>. Ce site partenaire vous permet de profiter d&rsquo;aliments premium de toutes les grandes marques, livr\u00e9 \u00e0 la clinique ou directement \u00e0 domicile et au meilleur tarif<\/strong><strong>.<\/strong><\/p>\n<p><strong>\u00a0<\/strong><\/p>\n","protected":false},"excerpt":{"rendered":"<p>Une alimentation \u00e9quilibr\u00e9e, constitu\u00e9e d&rsquo;ingr\u00e9dients de bonne qualit\u00e9 et hautement digestibles est la base d&rsquo;une bonne sant\u00e9. Une alimentation d\u00e9s\u00e9quilibr\u00e9e, comme chez l&rsquo;humain, est \u00e0 l&rsquo;origine de nombreuses pathologies : surpoids, troubles urinaires et r\u00e9naux, troubles cutan\u00e9s, troubles digestifs etc&#8230; Le plateau de pes\u00e9e est accessible \u00e0 tous dans la [&hellip;]<\/p>\n","protected":false},"author":1,"featured_media":0,"parent":0,"menu_order":0,"comment_status":"closed","ping_status":"closed","template":"","meta":[],"_links":{"self":[{"href":"https:\/\/cliniqueduvieuxpont.fr\/index.php\/wp-json\/wp\/v2\/pages\/104"}],"collection":[{"href":"https:\/\/cliniqueduvieuxpont.fr\/index.php\/wp-json\/wp\/v2\/pages"}],"about":[{"href":"https:\/\/cliniqueduvieuxpont.fr\/index.php\/wp-json\/wp\/v2\/types\/page"}],"author":[{"embeddable":true,"href":"https:\/\/cliniqueduvieuxpont.fr\/index.php\/wp-json\/wp\/v2\/users\/1"}],"replies":[{"embeddable":true,"href":"https:\/\/cliniqueduvieuxpont.fr\/index.php\/wp-json\/wp\/v2\/comments?post=104"}],"version-history":[{"count":3,"href":"https:\/\/cliniqueduvieuxpont.fr\/index.php\/wp-json\/wp\/v2\/pages\/104\/revisions"}],"predecessor-version":[{"id":12352,"href":"https:\/\/cliniqueduvieuxpont.fr\/index.php\/wp-json\/wp\/v2\/pages\/104\/revisions\/12352"}],"wp:attachment":[{"href":"https:\/\/cliniqueduvieuxpont.fr\/index.php\/wp-json\/wp\/v2\/media?parent=104"}],"curies":[{"name":"wp","href":"https:\/\/api.w.org\/{rel}","templated":true}]}}