{"id":105,"date":"2018-03-12T01:18:48","date_gmt":"2018-03-12T00:18:48","guid":{"rendered":"http:\/\/cliniqueduvieuxpont.fr\/?page_id=105"},"modified":"2018-03-12T01:18:48","modified_gmt":"2018-03-12T00:18:48","slug":"dentisterie","status":"publish","type":"page","link":"https:\/\/cliniqueduvieuxpont.fr\/index.php\/dentisterie\/","title":{"rendered":"Dentisterie"},"content":{"rendered":"<p><img loading=\"lazy\" src=\"http:\/\/cliniqueduvieuxpont.fr\/wp-content\/uploads\/2018\/03\/dent-rogn\u00e9e-1-300x300.jpg\" alt=\"\" width=\"300\" height=\"300\" class=\"size-medium wp-image-124 aligncenter\" srcset=\"https:\/\/cliniqueduvieuxpont.fr\/wp-content\/uploads\/2018\/03\/dent-rogn\u00e9e-1-300x300.jpg 300w, https:\/\/cliniqueduvieuxpont.fr\/wp-content\/uploads\/2018\/03\/dent-rogn\u00e9e-1-150x150.jpg 150w, https:\/\/cliniqueduvieuxpont.fr\/wp-content\/uploads\/2018\/03\/dent-rogn\u00e9e-1.jpg 343w\" sizes=\"(max-width: 300px) 100vw, 300px\" \/><\/p>\n<p>Les affections dentaires sont fr\u00e9quentes chez les carnivores domestiques : maladie parodontale, abc\u00e8s, mal occlusion etc&#8230;<\/p>\n<p>La <strong>maladie parodontale<\/strong> est la pathologie dentaire la plus fr\u00e9quente. Elle se caract\u00e9rise par une halitose (mauvaise haleine), rougeur de gencives, puis en fonction du stade, tartre, r\u00e9traction gingivale et d\u00e9chaussement, douleur. Si aucun traitement n&rsquo;est r\u00e9alis\u00e9 la complication principale est l&rsquo;<strong>abc\u00e8s dentaire <\/strong>(pouvant lui m\u00eame se compliquer, dans de rares cas). La pr\u00e9vention passe par une hygi\u00e8ne buco-dentaire et plusieurs possibilit\u00e9s peuvent \u00eatre propos\u00e9es. Parmi celles-ci le <strong>d\u00e9tartrage-polissage est souvent incontournable<\/strong>. Le d\u00e9tartrage permet d&rsquo;\u00e9liminer la plaque dentaire min\u00e9ralis\u00e9e au fil du temps (structure min\u00e9rale, dure, issue de la prolif\u00e9ration de bact\u00e9ries). Le polissage est la deuxi\u00e8me \u00e9tape et permet de lisser l&rsquo;\u00e9mail afin de ralentir le retour du tartre.<\/p>\n<p>Parmis les options th\u00e9rapeutiques \u00e0 disposition, l&rsquo;<strong>extraction chirurgicale d&rsquo;une dent<\/strong> peut s&rsquo;av\u00e9rer indispensable. La<strong> clinique est \u00e9quip\u00e9e d&rsquo;un micro moteur et de \u00a0contre-angles n\u00e9cessaires<\/strong> \u00e0 la r\u00e9alisation d&rsquo;une extraction chirurgicale.<\/p>\n<div id=\"attachment_126\" style=\"width: 310px\" class=\"wp-caption aligncenter\"><img aria-describedby=\"caption-attachment-126\" loading=\"lazy\" src=\"http:\/\/cliniqueduvieuxpont.fr\/wp-content\/uploads\/2018\/03\/dents2-S0-I0-300x285.jpg\" alt=\"\" width=\"300\" height=\"285\" class=\"wp-image-126 size-medium\" srcset=\"https:\/\/cliniqueduvieuxpont.fr\/wp-content\/uploads\/2018\/03\/dents2-S0-I0-300x285.jpg 300w, https:\/\/cliniqueduvieuxpont.fr\/wp-content\/uploads\/2018\/03\/dents2-S0-I0-768x730.jpg 768w, https:\/\/cliniqueduvieuxpont.fr\/wp-content\/uploads\/2018\/03\/dents2-S0-I0.jpg 780w\" sizes=\"(max-width: 300px) 100vw, 300px\" \/><p id=\"caption-attachment-126\" class=\"wp-caption-text\">Radiographie d&rsquo;os maxillaire (chien)<span style=\"text-align: center; font-size: 18px;\">\u00a0<\/span><\/p><\/div>\n<p>D&rsquo;autres esp\u00e8ces peuvent \u00eatre atteintes d&rsquo;anomalies dentaires. Les lapins nains sont particuli\u00e8rement touch\u00e9s.<\/p>\n<div id=\"attachment_125\" style=\"width: 310px\" class=\"wp-caption aligncenter\"><img aria-describedby=\"caption-attachment-125\" loading=\"lazy\" src=\"http:\/\/cliniqueduvieuxpont.fr\/wp-content\/uploads\/2018\/03\/dents-lp-malocclusion-dentaire-S1-I0-300x282.jpg\" alt=\"\" width=\"300\" height=\"282\" class=\"wp-image-125 size-medium\" srcset=\"https:\/\/cliniqueduvieuxpont.fr\/wp-content\/uploads\/2018\/03\/dents-lp-malocclusion-dentaire-S1-I0-300x282.jpg 300w, https:\/\/cliniqueduvieuxpont.fr\/wp-content\/uploads\/2018\/03\/dents-lp-malocclusion-dentaire-S1-I0-768x722.jpg 768w, https:\/\/cliniqueduvieuxpont.fr\/wp-content\/uploads\/2018\/03\/dents-lp-malocclusion-dentaire-S1-I0.jpg 789w\" sizes=\"(max-width: 300px) 100vw, 300px\" \/><p id=\"caption-attachment-125\" class=\"wp-caption-text\">Malocclusion dentaire et ost\u00e9omy\u00e9lite chez un lapin<\/p><\/div>\n<p style=\"text-align: center;\">\n","protected":false},"excerpt":{"rendered":"<p>Les affections dentaires sont fr\u00e9quentes chez les carnivores domestiques : maladie parodontale, abc\u00e8s, mal occlusion etc&#8230; La maladie parodontale est la pathologie dentaire la plus fr\u00e9quente. Elle se caract\u00e9rise par une halitose (mauvaise haleine), rougeur de gencives, puis en fonction du stade, tartre, r\u00e9traction gingivale et d\u00e9chaussement, douleur. Si aucun [&hellip;]<\/p>\n","protected":false},"author":1,"featured_media":0,"parent":0,"menu_order":0,"comment_status":"closed","ping_status":"closed","template":"","meta":[],"_links":{"self":[{"href":"https:\/\/cliniqueduvieuxpont.fr\/index.php\/wp-json\/wp\/v2\/pages\/105"}],"collection":[{"href":"https:\/\/cliniqueduvieuxpont.fr\/index.php\/wp-json\/wp\/v2\/pages"}],"about":[{"href":"https:\/\/cliniqueduvieuxpont.fr\/index.php\/wp-json\/wp\/v2\/types\/page"}],"author":[{"embeddable":true,"href":"https:\/\/cliniqueduvieuxpont.fr\/index.php\/wp-json\/wp\/v2\/users\/1"}],"replies":[{"embeddable":true,"href":"https:\/\/cliniqueduvieuxpont.fr\/index.php\/wp-json\/wp\/v2\/comments?post=105"}],"version-history":[{"count":3,"href":"https:\/\/cliniqueduvieuxpont.fr\/index.php\/wp-json\/wp\/v2\/pages\/105\/revisions"}],"predecessor-version":[{"id":206,"href":"https:\/\/cliniqueduvieuxpont.fr\/index.php\/wp-json\/wp\/v2\/pages\/105\/revisions\/206"}],"wp:attachment":[{"href":"https:\/\/cliniqueduvieuxpont.fr\/index.php\/wp-json\/wp\/v2\/media?parent=105"}],"curies":[{"name":"wp","href":"https:\/\/api.w.org\/{rel}","templated":true}]}}