{"id":107,"date":"2018-03-12T01:18:48","date_gmt":"2018-03-12T00:18:48","guid":{"rendered":"http:\/\/cliniqueduvieuxpont.fr\/?page_id=107"},"modified":"2019-12-18T01:14:30","modified_gmt":"2019-12-18T00:14:30","slug":"chimiotherapie-anticancereuse","status":"publish","type":"page","link":"https:\/\/cliniqueduvieuxpont.fr\/index.php\/chimiotherapie-anticancereuse\/","title":{"rendered":"Chimioth\u00e9rapie anticanc\u00e9reuse"},"content":{"rendered":"<p>Le Dr Charre a effectu\u00e9 les d\u00e9marches administratives et l\u00e9gales afin de pouvoir proposer des traitements de chimioth\u00e9rapie anticanc\u00e9reuse.<\/p>\n<p><img loading=\"lazy\" src=\"http:\/\/cliniqueduvieuxpont.fr\/wp-content\/uploads\/2018\/03\/LLC-300x225.jpeg\" alt=\"\" width=\"300\" height=\"225\" class=\"size-medium wp-image-141 alignright\" srcset=\"https:\/\/cliniqueduvieuxpont.fr\/wp-content\/uploads\/2018\/03\/LLC-300x225.jpeg 300w, https:\/\/cliniqueduvieuxpont.fr\/wp-content\/uploads\/2018\/03\/LLC-768x576.jpeg 768w, https:\/\/cliniqueduvieuxpont.fr\/wp-content\/uploads\/2018\/03\/LLC-1024x768.jpeg 1024w, https:\/\/cliniqueduvieuxpont.fr\/wp-content\/uploads\/2018\/03\/LLC.jpeg 2048w\" sizes=\"(max-width: 300px) 100vw, 300px\" \/><\/p>\n<p>Les chiens comme les chats ne sont malheureusement pas \u00e9pargn\u00e9s par les maladies tumorales.<\/p>\n<p>L&rsquo;arsenal th\u00e9rapeutique pour lutter contre ces affections repose essentiellement sur la <a href=\"http:\/\/cliniqueduvieuxpont.fr\/index.php\/chirurgie\/\">chirurgie<\/a> (lorsqu&rsquo;elle est techniquement r\u00e9alisable et indiqu\u00e9e) et l&rsquo;utilisation de m\u00e9dicaments anti-canc\u00e9reux.<\/p>\n<p>Ce terme peut effrayer, n\u00e9anmoins les enjeux de la canc\u00e9rologie v\u00e9t\u00e9rinaires sont clairs : \u00ab\u00a0<em>primum non nocere<\/em>\u00a0\u00bb (Avant tout, ne pas nuire).\u00a0<strong>L&rsquo;objectif d&rsquo;une chimioth\u00e9rapie<\/strong> chez un chien ou un chat est donc d&rsquo;<strong>augmenter la survie<\/strong> des animaux malades tout <strong>en conservant une qualit\u00e9 de vie normale.<\/strong><\/p>\n<p><img loading=\"lazy\" src=\"http:\/\/cliniqueduvieuxpont.fr\/wp-content\/uploads\/2018\/03\/chenil0867-300x185.jpg\" alt=\"\" width=\"300\" height=\"185\" class=\"size-medium wp-image-69 alignleft\" srcset=\"https:\/\/cliniqueduvieuxpont.fr\/wp-content\/uploads\/2018\/03\/chenil0867-300x185.jpg 300w, https:\/\/cliniqueduvieuxpont.fr\/wp-content\/uploads\/2018\/03\/chenil0867-768x474.jpg 768w, https:\/\/cliniqueduvieuxpont.fr\/wp-content\/uploads\/2018\/03\/chenil0867-1024x632.jpg 1024w\" sizes=\"(max-width: 300px) 100vw, 300px\" \/><\/p>\n<p>La mise en place de ces traitements <strong>n\u00e9cessite une <a href=\"http:\/\/cliniqueduvieuxpont.fr\/index.php\/hospitalisation\/\">hospitalisation<\/a><\/strong>\u00a0de l&rsquo;animal pendant au moins 24h apr\u00e8s l&rsquo;administration du m\u00e9dicament de chimioth\u00e9rapie (pour le ramassage et l&rsquo;\u00e9limination des urines et des selles). La fr\u00e9quence et le nombre total des s\u00e9ances varie en fonction du protocole choisi par le v\u00e9t\u00e9rinaire.<\/p>\n<div id=\"attachment_204\" style=\"width: 610px\" class=\"wp-caption aligncenter\"><img aria-describedby=\"caption-attachment-204\" loading=\"lazy\" src=\"http:\/\/cliniqueduvieuxpont.fr\/wp-content\/uploads\/2018\/03\/Teva-Tevadaptor-M.jpg\" alt=\"\" width=\"600\" height=\"303\" class=\"wp-image-204 size-full\" srcset=\"https:\/\/cliniqueduvieuxpont.fr\/wp-content\/uploads\/2018\/03\/Teva-Tevadaptor-M.jpg 600w, https:\/\/cliniqueduvieuxpont.fr\/wp-content\/uploads\/2018\/03\/Teva-Tevadaptor-M-300x152.jpg 300w\" sizes=\"(max-width: 600px) 100vw, 600px\" \/><p id=\"caption-attachment-204\" class=\"wp-caption-text\">Syst\u00e8me Tevadaptor ND pour administration de m\u00e9dicament de chimioth\u00e9rapie<\/p><\/div>\n","protected":false},"excerpt":{"rendered":"<p>Le Dr Charre a effectu\u00e9 les d\u00e9marches administratives et l\u00e9gales afin de pouvoir proposer des traitements de chimioth\u00e9rapie anticanc\u00e9reuse. Les chiens comme les chats ne sont malheureusement pas \u00e9pargn\u00e9s par les maladies tumorales. L&rsquo;arsenal th\u00e9rapeutique pour lutter contre ces affections repose essentiellement sur la chirurgie (lorsqu&rsquo;elle est techniquement r\u00e9alisable et [&hellip;]<\/p>\n","protected":false},"author":1,"featured_media":0,"parent":0,"menu_order":0,"comment_status":"closed","ping_status":"closed","template":"","meta":[],"_links":{"self":[{"href":"https:\/\/cliniqueduvieuxpont.fr\/index.php\/wp-json\/wp\/v2\/pages\/107"}],"collection":[{"href":"https:\/\/cliniqueduvieuxpont.fr\/index.php\/wp-json\/wp\/v2\/pages"}],"about":[{"href":"https:\/\/cliniqueduvieuxpont.fr\/index.php\/wp-json\/wp\/v2\/types\/page"}],"author":[{"embeddable":true,"href":"https:\/\/cliniqueduvieuxpont.fr\/index.php\/wp-json\/wp\/v2\/users\/1"}],"replies":[{"embeddable":true,"href":"https:\/\/cliniqueduvieuxpont.fr\/index.php\/wp-json\/wp\/v2\/comments?post=107"}],"version-history":[{"count":5,"href":"https:\/\/cliniqueduvieuxpont.fr\/index.php\/wp-json\/wp\/v2\/pages\/107\/revisions"}],"predecessor-version":[{"id":393,"href":"https:\/\/cliniqueduvieuxpont.fr\/index.php\/wp-json\/wp\/v2\/pages\/107\/revisions\/393"}],"wp:attachment":[{"href":"https:\/\/cliniqueduvieuxpont.fr\/index.php\/wp-json\/wp\/v2\/media?parent=107"}],"curies":[{"name":"wp","href":"https:\/\/api.w.org\/{rel}","templated":true}]}}