{"id":19,"date":"2018-03-12T01:18:48","date_gmt":"2018-03-12T00:18:48","guid":{"rendered":"http:\/\/cliniqueduvieuxpont.fr\/?page_id=19"},"modified":"2021-02-11T23:34:26","modified_gmt":"2021-02-11T22:34:26","slug":"home","status":"publish","type":"page","link":"https:\/\/cliniqueduvieuxpont.fr\/","title":{"rendered":"Accueil"},"content":{"rendered":"<p style=\"text-align: center;\">Bienvenue \u00e0 la clinique v\u00e9t\u00e9rinaire du Vieux Pont,<\/p>\n<p class=\"_2cuy _3dgx _2vxa\" style=\"text-align: center;\">Le Dr Charre et son \u00e9quipe vous accueillent depuis juillet 2017 dans de nouveaux locaux plus spacieux, accessibles et disposant d&rsquo;un parking, tout en restant au centre de la ville de Pont St Esprit.<\/p>\n<p style=\"text-align: center;\">\n<p class=\"_2cuy _3dgx _2vxa\" style=\"text-align: center;\">Notre \u00e9quipe met tout en \u0153uvre pour apporter les meilleurs soins \u00e0 vos animaux : m\u00e9decine g\u00e9n\u00e9rale et pr\u00e9ventive, m\u00e9decine interne, chirurgie, imagerie m\u00e9dicale (\u00e9chographie, radiographie), dermatologie, chimioth\u00e9rapie anticanc\u00e9reuse, hospitalisation etc&#8230;<\/p>\n<p class=\"_2cuy _3dgx _2vxa\" style=\"text-align: center;\">Le tout dans une structure \u00e0 taille humaine.<\/p>\n<p style=\"text-align: center;\">\n<p style=\"text-align: center;\">Nous vous souhaitons une bonne visite.<\/p>\n","protected":false},"excerpt":{"rendered":"<p>Bienvenue \u00e0 la clinique v\u00e9t\u00e9rinaire du Vieux Pont, Le Dr Charre et son \u00e9quipe vous accueillent depuis juillet 2017 dans de nouveaux locaux plus spacieux, accessibles et disposant d&rsquo;un parking, tout en restant au centre de la ville de Pont St Esprit. Notre \u00e9quipe met tout en \u0153uvre pour apporter [&hellip;]<\/p>\n","protected":false},"author":1,"featured_media":66,"parent":0,"menu_order":0,"comment_status":"closed","ping_status":"closed","template":"","meta":[],"_links":{"self":[{"href":"https:\/\/cliniqueduvieuxpont.fr\/index.php\/wp-json\/wp\/v2\/pages\/19"}],"collection":[{"href":"https:\/\/cliniqueduvieuxpont.fr\/index.php\/wp-json\/wp\/v2\/pages"}],"about":[{"href":"https:\/\/cliniqueduvieuxpont.fr\/index.php\/wp-json\/wp\/v2\/types\/page"}],"author":[{"embeddable":true,"href":"https:\/\/cliniqueduvieuxpont.fr\/index.php\/wp-json\/wp\/v2\/users\/1"}],"replies":[{"embeddable":true,"href":"https:\/\/cliniqueduvieuxpont.fr\/index.php\/wp-json\/wp\/v2\/comments?post=19"}],"version-history":[{"count":7,"href":"https:\/\/cliniqueduvieuxpont.fr\/index.php\/wp-json\/wp\/v2\/pages\/19\/revisions"}],"predecessor-version":[{"id":3185,"href":"https:\/\/cliniqueduvieuxpont.fr\/index.php\/wp-json\/wp\/v2\/pages\/19\/revisions\/3185"}],"wp:featuredmedia":[{"embeddable":true,"href":"https:\/\/cliniqueduvieuxpont.fr\/index.php\/wp-json\/wp\/v2\/media\/66"}],"wp:attachment":[{"href":"https:\/\/cliniqueduvieuxpont.fr\/index.php\/wp-json\/wp\/v2\/media?parent=19"}],"curies":[{"name":"wp","href":"https:\/\/api.w.org\/{rel}","templated":true}]}}