{"id":44,"date":"2018-03-12T01:18:48","date_gmt":"2018-03-12T00:18:48","guid":{"rendered":"http:\/\/cliniqueduvieuxpont.fr\/?page_id=44"},"modified":"2018-03-12T01:18:48","modified_gmt":"2018-03-12T00:18:48","slug":"medecine","status":"publish","type":"page","link":"https:\/\/cliniqueduvieuxpont.fr\/index.php\/medecine\/","title":{"rendered":"M\u00e9decine"},"content":{"rendered":"<h3>Les consultations de m\u00e9decine g\u00e9n\u00e9rale<\/h3>\n<p>Tous les domaines peuvent \u00eatre abord\u00e9s, par exemple :<\/p>\n<ul>\n<li><strong>la m\u00e9decine interne, <\/strong><\/li>\n<li><strong>la canc\u00e9rologie, <\/strong><\/li>\n<li><strong>la dermatologie, <\/strong><\/li>\n<li><strong>la neurologie,<br \/>\n<\/strong><\/li>\n<li><strong>la cardiologie, <\/strong><\/li>\n<li><strong>la gastro-ent\u00e9rologie,\u00a0<\/strong><\/li>\n<li><strong>l&rsquo;endocrinologie<\/strong> <strong>etc\u00a0<\/strong>&#8230;<\/li>\n<\/ul>\n<p>A l&rsquo;issu d&rsquo;un examen clinique, et en fonction des sympt\u00f4mes, des <a href=\"http:\/\/cliniqueduvieuxpont.fr\/index.php\/imagerie\/\">examens compl\u00e9mentaires<\/a> et des <a href=\"http:\/\/cliniqueduvieuxpont.fr\/index.php\/laboratoire-danalyses\/\">analyses de laboratoire<\/a> peuvent \u00eatre propos\u00e9s afin d&rsquo;\u00e9tablir un diagnostic pr\u00e9cis.<\/p>\n<p>Quelques exemples de r\u00e9sultats d&rsquo;examens compl\u00e9mentaires :<\/p>\n<div id=\"attachment_51\" style=\"width: 310px\" class=\"wp-caption aligncenter\"><img aria-describedby=\"caption-attachment-51\" loading=\"lazy\" src=\"http:\/\/cliniqueduvieuxpont.fr\/wp-content\/uploads\/2018\/01\/IMG_1801-e1520373596436-300x284.jpg\" alt=\"\" class=\"wp-image-51 size-medium\" width=\"300\" height=\"284\" srcset=\"https:\/\/cliniqueduvieuxpont.fr\/wp-content\/uploads\/2018\/01\/IMG_1801-e1520373596436-300x284.jpg 300w, https:\/\/cliniqueduvieuxpont.fr\/wp-content\/uploads\/2018\/01\/IMG_1801-e1520373596436-768x727.jpg 768w, https:\/\/cliniqueduvieuxpont.fr\/wp-content\/uploads\/2018\/01\/IMG_1801-e1520373596436.jpg 921w\" sizes=\"(max-width: 300px) 100vw, 300px\" \/><p id=\"caption-attachment-51\" class=\"wp-caption-text\">Sarcoptes (Gale chez un chien) : r\u00e9sultat d&rsquo;un raclage cutan\u00e9.<\/p><\/div>\n<div id=\"attachment_161\" style=\"width: 310px\" class=\"wp-caption aligncenter\"><img aria-describedby=\"caption-attachment-161\" loading=\"lazy\" src=\"http:\/\/cliniqueduvieuxpont.fr\/wp-content\/uploads\/2018\/03\/IMG_0893-300x280.jpg\" alt=\"Photo B. Charre\" class=\"wp-image-161 size-medium\" width=\"300\" height=\"280\" srcset=\"https:\/\/cliniqueduvieuxpont.fr\/wp-content\/uploads\/2018\/03\/IMG_0893-300x280.jpg 300w, https:\/\/cliniqueduvieuxpont.fr\/wp-content\/uploads\/2018\/03\/IMG_0893-768x718.jpg 768w, https:\/\/cliniqueduvieuxpont.fr\/wp-content\/uploads\/2018\/03\/IMG_0893.jpg 842w\" sizes=\"(max-width: 300px) 100vw, 300px\" \/><p id=\"caption-attachment-161\" class=\"wp-caption-text\">Ehrlichiose chez un chien (maladie transmise pas des tiques)<\/p><\/div>\n","protected":false},"excerpt":{"rendered":"<p>Les consultations de m\u00e9decine g\u00e9n\u00e9rale Tous les domaines peuvent \u00eatre abord\u00e9s, par exemple : la m\u00e9decine interne, la canc\u00e9rologie, la dermatologie, la neurologie, la cardiologie, la gastro-ent\u00e9rologie,\u00a0 l&rsquo;endocrinologie etc\u00a0&#8230; A l&rsquo;issu d&rsquo;un examen clinique, et en fonction des sympt\u00f4mes, des examens compl\u00e9mentaires et des analyses de laboratoire peuvent \u00eatre propos\u00e9s [&hellip;]<\/p>\n","protected":false},"author":1,"featured_media":0,"parent":0,"menu_order":0,"comment_status":"closed","ping_status":"closed","template":"","meta":[],"_links":{"self":[{"href":"https:\/\/cliniqueduvieuxpont.fr\/index.php\/wp-json\/wp\/v2\/pages\/44"}],"collection":[{"href":"https:\/\/cliniqueduvieuxpont.fr\/index.php\/wp-json\/wp\/v2\/pages"}],"about":[{"href":"https:\/\/cliniqueduvieuxpont.fr\/index.php\/wp-json\/wp\/v2\/types\/page"}],"author":[{"embeddable":true,"href":"https:\/\/cliniqueduvieuxpont.fr\/index.php\/wp-json\/wp\/v2\/users\/1"}],"replies":[{"embeddable":true,"href":"https:\/\/cliniqueduvieuxpont.fr\/index.php\/wp-json\/wp\/v2\/comments?post=44"}],"version-history":[{"count":3,"href":"https:\/\/cliniqueduvieuxpont.fr\/index.php\/wp-json\/wp\/v2\/pages\/44\/revisions"}],"predecessor-version":[{"id":192,"href":"https:\/\/cliniqueduvieuxpont.fr\/index.php\/wp-json\/wp\/v2\/pages\/44\/revisions\/192"}],"wp:attachment":[{"href":"https:\/\/cliniqueduvieuxpont.fr\/index.php\/wp-json\/wp\/v2\/media?parent=44"}],"curies":[{"name":"wp","href":"https:\/\/api.w.org\/{rel}","templated":true}]}}