{"id":45,"date":"2018-03-12T01:18:48","date_gmt":"2018-03-12T00:18:48","guid":{"rendered":"http:\/\/cliniqueduvieuxpont.fr\/?page_id=45"},"modified":"2024-10-25T09:00:38","modified_gmt":"2024-10-25T07:00:38","slug":"chirurgie","status":"publish","type":"page","link":"https:\/\/cliniqueduvieuxpont.fr\/index.php\/chirurgie\/","title":{"rendered":"Chirurgie"},"content":{"rendered":"<p>La zone de <strong>chirurgie<\/strong> est isol\u00e9e pour garantir un niveau d&rsquo;hygi\u00e8ne maximal. Les <strong>anesth\u00e9sies<\/strong> utilis\u00e9es \u00e0 la clinique sont de deux type : \u00ab\u00a0<strong>fixes<\/strong>\u00a0\u00bb (via l&rsquo;injection de m\u00e9dicaments) pour les actes de courte dur\u00e9e ou \u00ab\u00a0<strong>gazeuse<\/strong>\u00a0\u00bb (via inhalation de m\u00e9dicament, identiques \u00e0 ceux utilis\u00e9s en m\u00e9decine humaine) pour les actes plus longs ou pour plus de s\u00e9curit\u00e9 chez des animaux \u00e0 risque.<\/p>\n<p>La <strong>prise en charge de la douleur<\/strong> est un \u00e9l\u00e9ment <strong>essentiel<\/strong> pour une meilleure anesth\u00e9sie et une meilleure r\u00e9cup\u00e9ration post-op\u00e9ratoire. C&rsquo;est pourquoi nous utilisons l&rsquo;ensemble des moyens \u00e0 notre disposition : utilisation de mol\u00e9cules \u00e0 fort pouvoir antalgique, perfusions continues d&rsquo;anti-douleurs, anesth\u00e9sies loco-r\u00e9gionales (parex : \u00e9pidurales).<\/p>\n<h2>Les chirurgies de convenance<\/h2>\n<p><img loading=\"lazy\" src=\"http:\/\/cliniqueduvieuxpont.fr\/wp-content\/uploads\/2018\/03\/IMG_0878-300x279.jpg\" alt=\"\" width=\"300\" height=\"279\" class=\"size-medium wp-image-160 alignleft\" srcset=\"https:\/\/cliniqueduvieuxpont.fr\/wp-content\/uploads\/2018\/03\/IMG_0878-300x279.jpg 300w, https:\/\/cliniqueduvieuxpont.fr\/wp-content\/uploads\/2018\/03\/IMG_0878-768x713.jpg 768w, https:\/\/cliniqueduvieuxpont.fr\/wp-content\/uploads\/2018\/03\/IMG_0878-1024x951.jpg 1024w\" sizes=\"(max-width: 300px) 100vw, 300px\" \/><\/p>\n<p>Ce terme regroupe l&rsquo;ensemble des chirurgies de st\u00e9rilisation (<strong>ovariectomie et castration<\/strong>). Ces chirurgies ont pour but d&#8217;emp\u00eacher la reproduction des animaux mais peuvent s&rsquo;av\u00e9rer b\u00e9n\u00e9fique dans la <strong>pr\u00e9vention<\/strong> de certaines affections (ex : diminution de l&rsquo;incidence de tumeurs mammaires chez la chienne et la chatte, diminution du risque d&rsquo;infections par le FIV ou le FeLV chez les chats etc&#8230;)<\/p>\n<h2><\/h2>\n<h2>Les chirurgies des tissus mous<\/h2>\n<p>Une fois le diagnostic fait, certaines pathologies n\u00e9cessitent un traitement chirurgical qui peut \u00eatre r\u00e9alis\u00e9 sur place. Citons par exemple les infections de l&rsquo;ut\u00e9rus, les occlusions\/tumeurs intestinales, les tumeurs ou les torsions de la rate &#8230; En cas d&rsquo;affection plus complexe une visite r\u00e9f\u00e9r\u00e9e chez un v\u00e9t\u00e9rinaire sp\u00e9cialiste pourra \u00eatre propos\u00e9e.<\/p>\n<p><img loading=\"lazy\" src=\"http:\/\/cliniqueduvieuxpont.fr\/wp-content\/uploads\/2018\/03\/chir_20180228-184235-286x300.png\" alt=\"\" width=\"320\" height=\"335\" class=\"wp-image-72 aligncenter\" srcset=\"https:\/\/cliniqueduvieuxpont.fr\/wp-content\/uploads\/2018\/03\/chir_20180228-184235-286x300.png 286w, https:\/\/cliniqueduvieuxpont.fr\/wp-content\/uploads\/2018\/03\/chir_20180228-184235-768x804.png 768w, https:\/\/cliniqueduvieuxpont.fr\/wp-content\/uploads\/2018\/03\/chir_20180228-184235-978x1024.png 978w, https:\/\/cliniqueduvieuxpont.fr\/wp-content\/uploads\/2018\/03\/chir_20180228-184235.png 1080w\" sizes=\"(max-width: 320px) 100vw, 320px\" \/><\/p>\n","protected":false},"excerpt":{"rendered":"<p>La zone de chirurgie est isol\u00e9e pour garantir un niveau d&rsquo;hygi\u00e8ne maximal. Les anesth\u00e9sies utilis\u00e9es \u00e0 la clinique sont de deux type : \u00ab\u00a0fixes\u00a0\u00bb (via l&rsquo;injection de m\u00e9dicaments) pour les actes de courte dur\u00e9e ou \u00ab\u00a0gazeuse\u00a0\u00bb (via inhalation de m\u00e9dicament, identiques \u00e0 ceux utilis\u00e9s en m\u00e9decine humaine) pour les actes [&hellip;]<\/p>\n","protected":false},"author":1,"featured_media":0,"parent":0,"menu_order":0,"comment_status":"closed","ping_status":"closed","template":"","meta":[],"_links":{"self":[{"href":"https:\/\/cliniqueduvieuxpont.fr\/index.php\/wp-json\/wp\/v2\/pages\/45"}],"collection":[{"href":"https:\/\/cliniqueduvieuxpont.fr\/index.php\/wp-json\/wp\/v2\/pages"}],"about":[{"href":"https:\/\/cliniqueduvieuxpont.fr\/index.php\/wp-json\/wp\/v2\/types\/page"}],"author":[{"embeddable":true,"href":"https:\/\/cliniqueduvieuxpont.fr\/index.php\/wp-json\/wp\/v2\/users\/1"}],"replies":[{"embeddable":true,"href":"https:\/\/cliniqueduvieuxpont.fr\/index.php\/wp-json\/wp\/v2\/comments?post=45"}],"version-history":[{"count":8,"href":"https:\/\/cliniqueduvieuxpont.fr\/index.php\/wp-json\/wp\/v2\/pages\/45\/revisions"}],"predecessor-version":[{"id":12402,"href":"https:\/\/cliniqueduvieuxpont.fr\/index.php\/wp-json\/wp\/v2\/pages\/45\/revisions\/12402"}],"wp:attachment":[{"href":"https:\/\/cliniqueduvieuxpont.fr\/index.php\/wp-json\/wp\/v2\/media?parent=45"}],"curies":[{"name":"wp","href":"https:\/\/api.w.org\/{rel}","templated":true}]}}