{"id":55,"date":"2018-03-12T01:18:48","date_gmt":"2018-03-12T00:18:48","guid":{"rendered":"http:\/\/cliniqueduvieuxpont.fr\/?page_id=55"},"modified":"2018-03-12T01:18:48","modified_gmt":"2018-03-12T00:18:48","slug":"imagerie-medicale-et-laboratoire","status":"publish","type":"page","link":"https:\/\/cliniqueduvieuxpont.fr\/index.php\/imagerie-medicale-et-laboratoire\/","title":{"rendered":"Imagerie M\u00e9dicale"},"content":{"rendered":"<p>L&rsquo;imagerie m\u00e9dicale est un outil indispensable \u00e0 la m\u00e9decine (qu&rsquo;elle soit humaine ou v\u00e9t\u00e9rinaire). Une fois l&rsquo;examen clinique minutieux r\u00e9alis\u00e9, il est souvent n\u00e9cessaire de \u00ab\u00a0voir\u00a0\u00bb ce qu&rsquo;il se passe \u00e0 l&rsquo;int\u00e9rieur, c&rsquo;est justement ce que permet l&rsquo;imagerie m\u00e9dicale.<\/p>\n<p>La<strong> radiographie <\/strong>est une technique permettant d&rsquo;explorer, entre autre, le thorax et le coeur, l&rsquo;abdomen, le syst\u00e8me squelettique. Nous disposons d&rsquo;un syst\u00e8me de <strong>d\u00e9veloppement num\u00e9rique<\/strong> offrant une haute qualit\u00e9 d&rsquo;image.<\/p>\n<div id=\"attachment_129\" style=\"width: 1010px\" class=\"wp-caption aligncenter\"><img aria-describedby=\"caption-attachment-129\" loading=\"lazy\" src=\"http:\/\/cliniqueduvieuxpont.fr\/wp-content\/uploads\/2018\/03\/thorax-S1-I0-1.jpg\" alt=\"\" class=\"wp-image-129\" height=\"773\" width=\"1000\" srcset=\"https:\/\/cliniqueduvieuxpont.fr\/wp-content\/uploads\/2018\/03\/thorax-S1-I0-1.jpg 1880w, https:\/\/cliniqueduvieuxpont.fr\/wp-content\/uploads\/2018\/03\/thorax-S1-I0-1-300x232.jpg 300w, https:\/\/cliniqueduvieuxpont.fr\/wp-content\/uploads\/2018\/03\/thorax-S1-I0-1-768x594.jpg 768w, https:\/\/cliniqueduvieuxpont.fr\/wp-content\/uploads\/2018\/03\/thorax-S1-I0-1-1024x791.jpg 1024w\" sizes=\"(max-width: 1000px) 100vw, 1000px\" \/><p id=\"caption-attachment-129\" class=\"wp-caption-text\">Radiographie thoracique (profil) de chien<\/p><\/div>\n<p><img loading=\"lazy\" src=\"http:\/\/cliniqueduvieuxpont.fr\/wp-content\/uploads\/2018\/03\/coude2-S6-I0.jpg\" alt=\"\" class=\"wp-image-123 aligncenter\" height=\"436\" width=\"400\" srcset=\"https:\/\/cliniqueduvieuxpont.fr\/wp-content\/uploads\/2018\/03\/coude2-S6-I0.jpg 766w, https:\/\/cliniqueduvieuxpont.fr\/wp-content\/uploads\/2018\/03\/coude2-S6-I0-276x300.jpg 276w\" sizes=\"(max-width: 400px) 100vw, 400px\" \/><\/p>\n<div id=\"attachment_127\" style=\"width: 910px\" class=\"wp-caption aligncenter\"><img aria-describedby=\"caption-attachment-127\" loading=\"lazy\" src=\"http:\/\/cliniqueduvieuxpont.fr\/wp-content\/uploads\/2018\/03\/FILIPPI-JASMINE-CR-De-10-01-2018-S1-I0.jpg\" alt=\"\" class=\"wp-image-127\" height=\"577\" width=\"900\" srcset=\"https:\/\/cliniqueduvieuxpont.fr\/wp-content\/uploads\/2018\/03\/FILIPPI-JASMINE-CR-De-10-01-2018-S1-I0.jpg 1491w, https:\/\/cliniqueduvieuxpont.fr\/wp-content\/uploads\/2018\/03\/FILIPPI-JASMINE-CR-De-10-01-2018-S1-I0-300x192.jpg 300w, https:\/\/cliniqueduvieuxpont.fr\/wp-content\/uploads\/2018\/03\/FILIPPI-JASMINE-CR-De-10-01-2018-S1-I0-768x492.jpg 768w, https:\/\/cliniqueduvieuxpont.fr\/wp-content\/uploads\/2018\/03\/FILIPPI-JASMINE-CR-De-10-01-2018-S1-I0-1024x657.jpg 1024w\" sizes=\"(max-width: 900px) 100vw, 900px\" \/><p id=\"caption-attachment-127\" class=\"wp-caption-text\">Abdomen chien (radiographie de gestation : 2 chiots)<\/p><\/div>\n<p><strong>L&rsquo;\u00e9chographie <\/strong>est la deuxi\u00e8me m\u00e9thode d&rsquo;imagerie m\u00e9dicale disponible \u00e0 la clinique. C&rsquo;est m\u00eame la m\u00e9thode la plus utilis\u00e9e par le Dr Charre. En effet, cet outil apporte \u00e9norm\u00e9ment d&rsquo;information et permet d&rsquo;explorer l&rsquo;abdomen, le c\u0153ur et thorax, certaines zones du syst\u00e8me musculaire et squelettique, l\u2019\u0153il etc&#8230; le tout <strong>sans danger et sans douleur<\/strong>. Le d\u00e9veloppement de l&rsquo;\u00e9chographie permet par exemple de <strong>r\u00e9aliser des pr\u00e9l\u00e8vements d&rsquo;organes<\/strong> (foie, rate, ganglions etc&#8230;) qui, une fois analys\u00e9s, permettent l&rsquo;\u00e9tablissement d&rsquo;un diagnostic.<\/p>\n<p>Il est m\u00eame parfois possible de soigner certaines affections avec des <strong>m\u00e9thodes dites \u00ab\u00a0mini-invasives\u00a0\u00bb<\/strong> (ex : retrait de corps \u00e9tranger de type \u00e9pillet).<\/p>\n<p><img loading=\"lazy\" src=\"http:\/\/cliniqueduvieuxpont.fr\/wp-content\/uploads\/2018\/03\/rein-echo-1024x860.jpg\" alt=\"\" class=\"aligncenter wp-image-119 size-large\" height=\"630\" width=\"750\" srcset=\"https:\/\/cliniqueduvieuxpont.fr\/wp-content\/uploads\/2018\/03\/rein-echo-1024x860.jpg 1024w, https:\/\/cliniqueduvieuxpont.fr\/wp-content\/uploads\/2018\/03\/rein-echo-300x252.jpg 300w, https:\/\/cliniqueduvieuxpont.fr\/wp-content\/uploads\/2018\/03\/rein-echo-768x645.jpg 768w, https:\/\/cliniqueduvieuxpont.fr\/wp-content\/uploads\/2018\/03\/rein-echo.jpg 1232w\" sizes=\"(max-width: 750px) 100vw, 750px\" \/><img loading=\"lazy\" src=\"http:\/\/cliniqueduvieuxpont.fr\/wp-content\/uploads\/2018\/03\/pancreas-echo-1024x766.jpg\" alt=\"\" class=\"aligncenter wp-image-118 size-large\" height=\"561\" width=\"750\" srcset=\"https:\/\/cliniqueduvieuxpont.fr\/wp-content\/uploads\/2018\/03\/pancreas-echo-1024x766.jpg 1024w, https:\/\/cliniqueduvieuxpont.fr\/wp-content\/uploads\/2018\/03\/pancreas-echo-300x224.jpg 300w, https:\/\/cliniqueduvieuxpont.fr\/wp-content\/uploads\/2018\/03\/pancreas-echo-768x574.jpg 768w, https:\/\/cliniqueduvieuxpont.fr\/wp-content\/uploads\/2018\/03\/pancreas-echo.jpg 1543w\" sizes=\"(max-width: 750px) 100vw, 750px\" \/><\/p>\n<p>&nbsp;<\/p>\n","protected":false},"excerpt":{"rendered":"<p>L&rsquo;imagerie m\u00e9dicale est un outil indispensable \u00e0 la m\u00e9decine (qu&rsquo;elle soit humaine ou v\u00e9t\u00e9rinaire). Une fois l&rsquo;examen clinique minutieux r\u00e9alis\u00e9, il est souvent n\u00e9cessaire de \u00ab\u00a0voir\u00a0\u00bb ce qu&rsquo;il se passe \u00e0 l&rsquo;int\u00e9rieur, c&rsquo;est justement ce que permet l&rsquo;imagerie m\u00e9dicale. La radiographie est une technique permettant d&rsquo;explorer, entre autre, le thorax [&hellip;]<\/p>\n","protected":false},"author":1,"featured_media":0,"parent":0,"menu_order":0,"comment_status":"closed","ping_status":"closed","template":"","meta":[],"_links":{"self":[{"href":"https:\/\/cliniqueduvieuxpont.fr\/index.php\/wp-json\/wp\/v2\/pages\/55"}],"collection":[{"href":"https:\/\/cliniqueduvieuxpont.fr\/index.php\/wp-json\/wp\/v2\/pages"}],"about":[{"href":"https:\/\/cliniqueduvieuxpont.fr\/index.php\/wp-json\/wp\/v2\/types\/page"}],"author":[{"embeddable":true,"href":"https:\/\/cliniqueduvieuxpont.fr\/index.php\/wp-json\/wp\/v2\/users\/1"}],"replies":[{"embeddable":true,"href":"https:\/\/cliniqueduvieuxpont.fr\/index.php\/wp-json\/wp\/v2\/comments?post=55"}],"version-history":[{"count":6,"href":"https:\/\/cliniqueduvieuxpont.fr\/index.php\/wp-json\/wp\/v2\/pages\/55\/revisions"}],"predecessor-version":[{"id":199,"href":"https:\/\/cliniqueduvieuxpont.fr\/index.php\/wp-json\/wp\/v2\/pages\/55\/revisions\/199"}],"wp:attachment":[{"href":"https:\/\/cliniqueduvieuxpont.fr\/index.php\/wp-json\/wp\/v2\/media?parent=55"}],"curies":[{"name":"wp","href":"https:\/\/api.w.org\/{rel}","templated":true}]}}